{"id":20,"date":"2022-07-07T14:17:54","date_gmt":"2022-07-07T12:17:54","guid":{"rendered":"https:\/\/ekranyonline.pl\/?page_id=20"},"modified":"2022-12-12T12:48:54","modified_gmt":"2022-12-12T11:48:54","slug":"ekrany-w-oswiacie","status":"publish","type":"page","link":"https:\/\/ekranyonline.pl\/index.php\/ekrany-w-oswiacie\/","title":{"rendered":"Ekrany w o\u015bwiacie"},"content":{"rendered":"<div id=\"pl-gb20-69e20bdc95f92\"  class=\"panel-layout\" ><div id=\"pg-gb20-69e20bdc95f92-0\"  class=\"panel-grid panel-no-style\" ><div id=\"pgc-gb20-69e20bdc95f92-0-0\"  class=\"panel-grid-cell\" ><div id=\"panel-gb20-69e20bdc95f92-0-0-0\" class=\"so-panel widget widget_black-studio-tinymce widget_black_studio_tinymce panel-first-child panel-last-child\" data-index=\"0\" ><div class=\"textwidget\"><p>W ramach projektu <a href=\"https:\/\/wgs.edu.pl\"><strong>Wirtualna Gazetka Szkolna <\/strong><\/a>wdro\u017cyli\u015bmy ponad 800 ekran\u00f3w w plac\u00f3wkach edukacyjnych. Monitory gazetki pe\u0142ni\u0105 rol\u0119 nie tylko elektronicznych tablic informacyjnych, lecz tak\u017ce no\u015bnik\u00f3w tre\u015bci edukacyjnych.<\/p>\n<p>Stworzyli\u015bmy wersj\u0119 oprogramowania dedykowan\u0105 dla edukacji \u2013 posiadaj\u0105c\u0105 wiele narz\u0119dzi u\u0142atwiaj\u0105cych publikowanie tre\u015bci i intuicyjne zarz\u0105dzanie nimi. Na potrzeby edukacji powsta\u0142a r\u00f3wnie\u017c bogata biblioteka gotowego kontentu.<\/p>\n<p>Ka\u017cdego dnia ekrany Wirtualnej Gazetki Szkolnej wy\u015bwietlaj\u0105 tre\u015bci dla <strong>ponad 150\u00a0000 odbiorc\u00f3w<\/strong>\u00a0 &#8211; uczni\u00f3w, rodzic\u00f3w, nauczycieli i go\u015bci szk\u00f3\u0142 i przedszkoli na terenie ca\u0142ego kraju.<\/p>\n<\/div><\/div><\/div><\/div><\/div>","protected":false},"excerpt":{"rendered":"<p>W ramach projektu Wirtualna Gazetka Szkolna wdro\u017cyli\u015bmy ponad 800 ekran\u00f3w w plac\u00f3wkach edukacyjnych. Monitory gazetki pe\u0142ni\u0105 rol\u0119 nie tylko elektronicznych tablic informacyjnych, lecz tak\u017ce no\u015bnik\u00f3w tre\u015bci edukacyjnych. Stworzyli\u015bmy wersj\u0119 oprogramowania dedykowan\u0105 dla edukacji \u2013 posiadaj\u0105c\u0105 wiele narz\u0119dzi u\u0142atwiaj\u0105cych publikowanie tre\u015bci i intuicyjne zarz\u0105dzanie nimi. Na potrzeby edukacji powsta\u0142a r\u00f3wnie\u017c bogata biblioteka gotowego kontentu. Ka\u017cdego dnia [&hellip;]<\/p>\n","protected":false},"author":2,"featured_media":0,"parent":0,"menu_order":0,"comment_status":"closed","ping_status":"closed","template":"","meta":{"_monsterinsights_skip_tracking":false,"_monsterinsights_sitenote_active":false,"_monsterinsights_sitenote_note":"","_monsterinsights_sitenote_category":0,"footnotes":""},"class_list":["post-20","page","type-page","status-publish","hentry"],"aioseo_notices":[],"_links":{"self":[{"href":"https:\/\/ekranyonline.pl\/index.php\/wp-json\/wp\/v2\/pages\/20","targetHints":{"allow":["GET"]}}],"collection":[{"href":"https:\/\/ekranyonline.pl\/index.php\/wp-json\/wp\/v2\/pages"}],"about":[{"href":"https:\/\/ekranyonline.pl\/index.php\/wp-json\/wp\/v2\/types\/page"}],"author":[{"embeddable":true,"href":"https:\/\/ekranyonline.pl\/index.php\/wp-json\/wp\/v2\/users\/2"}],"replies":[{"embeddable":true,"href":"https:\/\/ekranyonline.pl\/index.php\/wp-json\/wp\/v2\/comments?post=20"}],"version-history":[{"count":0,"href":"https:\/\/ekranyonline.pl\/index.php\/wp-json\/wp\/v2\/pages\/20\/revisions"}],"wp:attachment":[{"href":"https:\/\/ekranyonline.pl\/index.php\/wp-json\/wp\/v2\/media?parent=20"}],"curies":[{"name":"wp","href":"https:\/\/api.w.org\/{rel}","templated":true}]}}