{"id":22,"date":"2022-07-07T14:18:10","date_gmt":"2022-07-07T12:18:10","guid":{"rendered":"https:\/\/ekranyonline.pl\/?page_id=22"},"modified":"2022-12-12T12:50:17","modified_gmt":"2022-12-12T11:50:17","slug":"ekrany-w-firmie","status":"publish","type":"page","link":"https:\/\/ekranyonline.pl\/index.php\/ekrany-w-firmie\/","title":{"rendered":"Ekrany w firmie"},"content":{"rendered":"<div id=\"pl-gb22-69df856c84be2\"  class=\"panel-layout\" ><div id=\"pg-gb22-69df856c84be2-0\"  class=\"panel-grid panel-no-style\" ><div id=\"pgc-gb22-69df856c84be2-0-0\"  class=\"panel-grid-cell\" ><div id=\"panel-gb22-69df856c84be2-0-0-0\" class=\"so-panel widget widget_black-studio-tinymce widget_black_studio_tinymce panel-first-child panel-last-child\" data-index=\"0\" ><div class=\"textwidget\"><div id=\"pg-48-0\" class=\"panel-grid panel-has-style\">\n<div class=\"panel-row-style panel-row-style-for-48-0\">\n<div id=\"pgc-48-0-0\" class=\"panel-grid-cell\">\n<div id=\"panel-48-0-0-1\" class=\"so-panel widget widget_black-studio-tinymce widget_black_studio_tinymce panel-last-child\" data-index=\"1\">\n<div class=\"textwidget\">\n<h2 class=\"title\">Do czego s\u0142u\u017c\u0105?<\/h2>\n<p><strong>Ekranyonline<\/strong> to sie\u0107 zdalnie administrowanych ekran\u00f3w informacyjno-promocyjnych wraz z innowacyjnymi funkcjami zarz\u0105dzania i tworzenia tre\u015bci, dostosowanymi do wymaga\u0144 sektora Mi\u015a przedsi\u0119biorstw. Ekrany montowane s\u0105 w pomieszczeniach, korytarzach, halach produkcyjnych, w przestrzeni publicznej na specjalnie przygotowanych stanowiskach, s\u0105 \u017ar\u00f3d\u0142em informacji dla klient\u00f3w oraz pracownik\u00f3w<\/div>\n<\/div>\n<\/div>\n<\/div>\n<\/div>\n<div id=\"pg-48-1\" class=\"panel-grid panel-has-style\">\n<div class=\"panel-row-style panel-row-style-for-48-1\">\n<div id=\"pgc-48-1-0\" class=\"panel-grid-cell\">\n<div id=\"panel-48-1-0-0\" class=\"so-panel widget widget_text panel-first-child\" data-index=\"2\">\n<div class=\"textwidget\"><strong>Ekranyonline<\/strong> bazuj\u0105 na autorskim silniku Redi, zaprojektowanym i wyprodukowanym przez w\u0142asne studio deweloperskie. Posiadaj\u0105c pe\u0142n\u0105 kontrol\u0119 nad oprogramowaniem, mo\u017cemy zaoferowa\u0107 naszym klientom mo\u017cliwo\u015b\u0107 zam\u00f3wienia nowych lub rozszerzenie istniej\u0105cych funkcjonalno\u015bci, dopasowuj\u0105c systemu do indywidualnych potrzeb firmy.<\/div>\n<\/div>\n<div id=\"panel-48-1-0-1\" class=\"so-panel widget widget_black-studio-tinymce widget_black_studio_tinymce panel-last-child\" data-index=\"3\">\n<div class=\"textwidget\">\n<h2 class=\"title\">Zastosowanie<\/h2>\n<p>Wy\u015bwietlane tre\u015bci mog\u0105 dotyczy\u0107 wielu zagadnie\u0144 zwi\u0105zanych z prowadzon\u0105 dzia\u0142alno\u015bci\u0105:<\/p>\n<ul>\n<li>tre\u015bci promocyjny<\/li>\n<\/ul>\n<p><small>reklamy, prezentacje produkt\u00f3w, identyfikacja firmy, PR, programy lojalno\u015bciowe<\/small><\/p>\n<ul>\n<li>informacje praktyczne<\/li>\n<\/ul>\n<p><small>mapa biura, HR, wsparcie dla pracownik\u00f3w<\/small><\/p>\n<ul>\n<li>zarz\u0105dzanie produkcj\u0105<\/li>\n<\/ul>\n<p><small>BHP, wizualizacja produkcji, harmonogram <\/small><\/div>\n<\/div>\n<\/div>\n<\/div>\n<\/div>\n<div id=\"pg-48-2\" class=\"panel-grid panel-has-style\">\n<div class=\"panel-row-style panel-row-style-for-48-2\">\n<div id=\"pgc-48-2-0\" class=\"panel-grid-cell\">\n<div id=\"panel-48-2-0-0\" class=\"so-panel widget widget_text panel-first-child panel-last-child\" data-index=\"4\">\n<div class=\"textwidget\">\n<h2 class=\"title\">Zarz\u0105dzanie<\/h2>\n<p>Ekranyonline to elastyczny, wielopoziomowy system zarz\u0105dzania zasobami, umo\u017cliwiaj\u0105cy skonfigurowanie grup redaktor\u00f3w o unikalnych uprawnieniach dost\u0119pu do tre\u015bci poszczeg\u00f3lnych ekran\u00f3w.<\/p><\/div>\n<\/div>\n<\/div>\n<\/div>\n<\/div>\n<\/div><\/div><\/div><\/div><div id=\"pg-gb22-69df856c84be2-1\"  class=\"panel-grid panel-no-style\" ><div id=\"pgc-gb22-69df856c84be2-1-0\"  class=\"panel-grid-cell\" ><div id=\"panel-gb22-69df856c84be2-1-0-0\" class=\"so-panel widget widget_black-studio-tinymce widget_black_studio_tinymce panel-first-child\" data-index=\"1\" ><div class=\"textwidget\"><div id=\"panel-48-5-0-0\" class=\"so-panel widget widget_black-studio-tinymce widget_black_studio_tinymce panel-first-child\" data-index=\"10\">\n<div class=\"textwidget\">\n<h2 class=\"title\">W sk\u0142ad standardowego zestawu wchodz\u0105:<\/h2>\n<ol>\n<li>ekran LCD wielko\u015bci od 32\u201d do 65\u201d<\/li>\n<li>odtwarzacz multimedialny montowany na tylnej obudowie ka\u017cdego ekranu, pod\u0142\u0105czony do Internetu<\/li>\n<li>konfiguracja systemu zgodnie z wymaganiami<\/li>\n<li>szkolenia dla os\u00f3b obs\u0142uguj\u0105cych<\/li>\n<li>wsparcie infolinii technicznej<\/li>\n<\/ol>\n<\/div>\n<\/div>\n<\/div><\/div><div id=\"panel-gb22-69df856c84be2-1-0-1\" class=\"so-panel widget widget_media_image\" data-index=\"2\" ><img loading=\"lazy\" decoding=\"async\" width=\"1024\" height=\"575\" src=\"https:\/\/ekranyonline.pl\/wp-content\/uploads\/2022\/12\/zestaw_firma-1024x575.png\" class=\"image wp-image-165  attachment-large size-large\" alt=\"\" style=\"max-width: 100%; height: auto;\" srcset=\"https:\/\/ekranyonline.pl\/wp-content\/uploads\/2022\/12\/zestaw_firma-1024x575.png 1024w, https:\/\/ekranyonline.pl\/wp-content\/uploads\/2022\/12\/zestaw_firma-300x168.png 300w, https:\/\/ekranyonline.pl\/wp-content\/uploads\/2022\/12\/zestaw_firma-768x431.png 768w, https:\/\/ekranyonline.pl\/wp-content\/uploads\/2022\/12\/zestaw_firma.png 1533w\" sizes=\"auto, (max-width: 1024px) 100vw, 1024px\" \/><\/div><div id=\"panel-gb22-69df856c84be2-1-0-2\" class=\"so-panel widget widget_black-studio-tinymce widget_black_studio_tinymce panel-last-child\" data-index=\"3\" ><div class=\"textwidget\"><div id=\"panel-48-5-0-0\" class=\"so-panel widget widget_black-studio-tinymce widget_black_studio_tinymce panel-first-child\" data-index=\"10\">\n<div class=\"textwidget\">Nasze oprogramowanie nie wymaga instalowania. Mo\u017ce by\u0107 obs\u0142ugiwane z dowolnego komputera pod\u0142\u0105czonego do Internetu. Program umo\u017cliwia umieszczanie na ekranach publikacji, kt\u00f3re u\u017cytkownik ma zapisane na komputerze: zdj\u0119cia, PDF-y, filmy itp. Dodatkowo po zalogowaniu do systemu dost\u0119pny jest edytor, kt\u00f3ry pozwala stworzy\u0107 atrakcyjne graficznie slajdy. Wystarczy wybra\u0107 jedno z kilkunastu dost\u0119pnych te\u0142, doda\u0107 tekst czy zdj\u0119cia i publikacja jest ju\u017c gotowa. Mo\u017cna r\u00f3wnie\u017c tworzy\u0107 w\u0142asne, personalizowane t\u0142a (np. z logo urz\u0119du). U\u017cytkownik nie musi zatem potrafi\u0107 obs\u0142ugiwa\u0107 skomplikowanych program\u00f3w graficznych, mo\u017ce tworzy\u0107 atrakcyjne publikacje w niezwykle intuicyjnym \u015brodowisku.<\/div>\n<\/div>\n<\/div><\/div><\/div><\/div><\/div>","protected":false},"excerpt":{"rendered":"<p>Do czego s\u0142u\u017c\u0105? Ekranyonline to sie\u0107 zdalnie administrowanych ekran\u00f3w informacyjno-promocyjnych wraz z innowacyjnymi funkcjami zarz\u0105dzania i tworzenia tre\u015bci, dostosowanymi do wymaga\u0144 sektora Mi\u015a przedsi\u0119biorstw. Ekrany montowane s\u0105 w pomieszczeniach, korytarzach, halach produkcyjnych, w przestrzeni publicznej na specjalnie przygotowanych stanowiskach, s\u0105 \u017ar\u00f3d\u0142em informacji dla klient\u00f3w oraz pracownik\u00f3w Ekranyonline bazuj\u0105 na autorskim silniku Redi, zaprojektowanym i wyprodukowanym [&hellip;]<\/p>\n","protected":false},"author":2,"featured_media":0,"parent":0,"menu_order":0,"comment_status":"closed","ping_status":"closed","template":"","meta":{"_monsterinsights_skip_tracking":false,"_monsterinsights_sitenote_active":false,"_monsterinsights_sitenote_note":"","_monsterinsights_sitenote_category":0,"footnotes":""},"class_list":["post-22","page","type-page","status-publish","hentry"],"aioseo_notices":[],"_links":{"self":[{"href":"https:\/\/ekranyonline.pl\/index.php\/wp-json\/wp\/v2\/pages\/22","targetHints":{"allow":["GET"]}}],"collection":[{"href":"https:\/\/ekranyonline.pl\/index.php\/wp-json\/wp\/v2\/pages"}],"about":[{"href":"https:\/\/ekranyonline.pl\/index.php\/wp-json\/wp\/v2\/types\/page"}],"author":[{"embeddable":true,"href":"https:\/\/ekranyonline.pl\/index.php\/wp-json\/wp\/v2\/users\/2"}],"replies":[{"embeddable":true,"href":"https:\/\/ekranyonline.pl\/index.php\/wp-json\/wp\/v2\/comments?post=22"}],"version-history":[{"count":0,"href":"https:\/\/ekranyonline.pl\/index.php\/wp-json\/wp\/v2\/pages\/22\/revisions"}],"wp:attachment":[{"href":"https:\/\/ekranyonline.pl\/index.php\/wp-json\/wp\/v2\/media?parent=22"}],"curies":[{"name":"wp","href":"https:\/\/api.w.org\/{rel}","templated":true}]}}