{"id":6,"date":"2022-07-07T14:14:34","date_gmt":"2022-07-07T12:14:34","guid":{"rendered":"https:\/\/ekranyonline.pl\/?page_id=6"},"modified":"2022-12-13T11:54:22","modified_gmt":"2022-12-13T10:54:22","slug":"kontakt","status":"publish","type":"page","link":"https:\/\/ekranyonline.pl\/index.php\/kontakt\/","title":{"rendered":"Kontakt"},"content":{"rendered":"<div id=\"pl-gb6-69e49e6bb4733\"  class=\"panel-layout\" ><div id=\"pg-gb6-69e49e6bb4733-0\"  class=\"panel-grid panel-no-style\" ><div id=\"pgc-gb6-69e49e6bb4733-0-0\"  class=\"panel-grid-cell\" ><div id=\"panel-gb6-69e49e6bb4733-0-0-0\" class=\"so-panel widget widget_black-studio-tinymce widget_black_studio_tinymce panel-first-child\" data-index=\"0\" ><div class=\"textwidget\"><p><strong>Ekrany Online: <\/strong><strong>Biuro Obs\u0142ugi Klienta<\/strong><\/p>\n<p>ul. Sowia 2, 83-050 B\u0105kowo<br \/>tel. 53 337 59 13<br \/>biuro@rewers.edu.pl<\/p>\n<p>Biuro pracuje od\u00a0poniedzia\u0142ku do\u00a0pi\u0105tku w\u00a0godzinach 8.00-16.00<\/p>\n<p><strong>Organ prowadz\u0105cy: Rewers sp. z o.o.<br \/><\/strong>ul. Szafarnia 11\/F8, 80-755 Gda\u0144sk<br \/>NIP: 5833217447<\/p>\n<p><small>Administratorem Twoich\u00a0danych jest\u00a0<strong>Rewers Sp. z\u00a0o.o.<\/strong>\u00a0z\u00a0siedzib\u0105 w\u00a0Gda\u0144sku, ul.\u00a0Szafarnia 11\/F8. Masz prawo do\u00a0dost\u0119pu do\u00a0swoich danych, ich sprostowania, usuni\u0119cia lub ograniczenia przetwarzania, prawo sprzeciwu, prawo wniesienia skargi do\u00a0organu nadzorczego lub przeniesienia danych. Aby dowiedzie\u0107 si\u0119 wi\u0119cej o\u00a0swoich prawach, celach i\u00a0sposobach przetwarzania przez\u00a0nas Twoich\u00a0danych, odwied\u017a\u00a0<a href=\"https:\/\/ekranyonline.pl\/index.php\/polityka\/\" target=\"_blank\" rel=\"noopener\">polityk\u0119 prywatno\u015bci<\/a>.<\/small><\/p>\n<\/div><\/div><div id=\"panel-gb6-69e49e6bb4733-0-0-1\" class=\"so-panel widget widget_media_image panel-last-child\" data-index=\"1\" ><img loading=\"lazy\" decoding=\"async\" width=\"800\" height=\"562\" src=\"https:\/\/ekranyonline.pl\/wp-content\/uploads\/2022\/07\/ekran-zdalny.jpg\" class=\"image wp-image-151 aligncenter attachment-full size-full\" alt=\"\" style=\"max-width: 100%; height: auto;\" srcset=\"https:\/\/ekranyonline.pl\/wp-content\/uploads\/2022\/07\/ekran-zdalny.jpg 800w, https:\/\/ekranyonline.pl\/wp-content\/uploads\/2022\/07\/ekran-zdalny-300x211.jpg 300w, https:\/\/ekranyonline.pl\/wp-content\/uploads\/2022\/07\/ekran-zdalny-768x540.jpg 768w\" sizes=\"auto, (max-width: 800px) 100vw, 800px\" \/><\/div><\/div><div id=\"pgc-gb6-69e49e6bb4733-0-1\"  class=\"panel-grid-cell\" ><div id=\"panel-gb6-69e49e6bb4733-0-1-0\" class=\"so-panel widget widget_text panel-first-child panel-last-child\" data-index=\"2\" ><div class=\"panel-widget-style panel-widget-style-for-gb6-69e49e6bb4733-0-1-0\" ><h3 class=\"widget-title\">Zainteresowany? Popro\u015b o ofert\u0119<\/h3>\t\t\t<div class=\"textwidget\"><noscript class=\"ninja-forms-noscript-message\">\n\tUwaga: ta zawarto\u015b\u0107 wymaga obs\u0142ugi j\u0119zyka JavaScript.<\/noscript>\n<div id=\"nf-form-2-cont\" class=\"nf-form-cont\" aria-live=\"polite\" aria-labelledby=\"nf-form-title-2\" aria-describedby=\"nf-form-errors-2\" role=\"form\">\n\n    <div class=\"nf-loading-spinner\"><\/div>\n\n<\/div>\n        <!-- That data is being printed as a workaround to page builders reordering the order of the scripts loaded-->\n        <script>var formDisplay=1;var nfForms=nfForms||[];var form=[];form.id='2';form.settings={\"objectType\":\"Form Setting\",\"editActive\":true,\"title\":\"Popro\\u015b o ofert\\u0119\",\"show_title\":0,\"allow_public_link\":0,\"public_link\":\"http:\\\/\\\/felbrso.cluster031.hosting.ovh.net\\\/ninja-forms\\\/2o3mw\",\"embed_form\":\"\",\"clear_complete\":1,\"hide_complete\":1,\"default_label_pos\":\"left\",\"wrapper_class\":\"\",\"element_class\":\"\",\"key\":\"\",\"add_submit\":1,\"changeEmailErrorMsg\":\"Wprowad\\u017a prawid\\u0142owy adres e-mail!\",\"changeDateErrorMsg\":\"Please enter a valid date!\",\"confirmFieldErrorMsg\":\"Te pola musz\\u0105 si\\u0119 zgadza\\u0107!\",\"fieldNumberNumMinError\":\"B\\u0142\\u0105d \\u2014 liczba minimalna\",\"fieldNumberNumMaxError\":\"B\\u0142\\u0105d \\u2014 liczba maksymalna\",\"fieldNumberIncrementBy\":\"Zwi\\u0119ksz o \",\"formErrorsCorrectErrors\":\"Popraw b\\u0142\\u0119dy, zanim prze\\u015blesz formularz.\",\"validateRequiredField\":\"To jest wymagane pole.\",\"honeypotHoneypotError\":\"B\\u0142\\u0105d Honeypot\",\"fieldsMarkedRequired\":\"Pola oznaczone znakiem <span class=\\\"ninja-forms-req-symbol\\\">*<\\\/span> s\\u0105 wymagane\",\"currency\":\"\",\"unique_field_error\":\"Formularz z t\\u0105 warto\\u015bci\\u0105 zosta\\u0142 ju\\u017c przes\\u0142any.\",\"logged_in\":false,\"not_logged_in_msg\":\"\",\"sub_limit_msg\":\"Formularz osi\\u0105gn\\u0105\\u0142 limit wys\\u0142a\\u0144.\",\"calculations\":[],\"formContentData\":[\"nazwa_firmy_1657625151615\",\"imie_i_nazwisko_1657624912541\",\"twoj_telefon_1657624973797\",\"twoj_email_1657624987170\",\"wojewodztwo_1657624998088\",\"uwagi_1657625168317\",\"wyrazam_zgode_na_przetwarzanie_moich_danych_osobowych_1657630942101\",\"przeslij_1657625239537\"],\"drawerDisabled\":false,\"public_link_key\":\"2o3mw\",\"form_title_heading_level\":\"3\",\"ninjaForms\":\"Ninja Forms\",\"fieldTextareaRTEInsertLink\":\"Wstaw odno\\u015bnik\",\"fieldTextareaRTEInsertMedia\":\"Wstaw media\",\"fieldTextareaRTESelectAFile\":\"Wybierz plik\",\"formHoneypot\":\"Je\\u015bli jeste\\u015b cz\\u0142owiekiem i widzisz to pole, nie wype\\u0142niaj go.\",\"fileUploadOldCodeFileUploadInProgress\":\"Przesy\\u0142anie pliku w toku.\",\"fileUploadOldCodeFileUpload\":\"PRZESY\\u0141ANIE PLIKU\",\"currencySymbol\":false,\"thousands_sep\":\"&nbsp;\",\"decimal_point\":\",\",\"siteLocale\":\"pl_PL\",\"dateFormat\":\"m\\\/d\\\/Y\",\"startOfWeek\":\"1\",\"of\":\"z\",\"previousMonth\":\"Poprzedni miesi\\u0105c\",\"nextMonth\":\"Nast\\u0119pny miesi\\u0105c\",\"months\":[\"stycze\\u0144\",\"luty\",\"marzec\",\"kwiecie\\u0144\",\"maj\",\"czerwiec\",\"lipiec\",\"sierpie\\u0144\",\"wrzesie\\u0144\",\"pa\\u017adziernik\",\"listopad\",\"grudzie\\u0144\"],\"monthsShort\":[\"sty\",\"lut\",\"mar\",\"kw.\",\"maj\",\"cze\",\"lip\",\"sie\",\"wrz\",\"pa\\u017a\",\"lis\",\"gru\"],\"weekdays\":[\"niedziela\",\"poniedzia\\u0142ek\",\"wtorek\",\"\\u015broda\",\"czwartek\",\"pi\\u0105tek\",\"sobota\"],\"weekdaysShort\":[\"niedz.\",\"pon.\",\"wt.\",\"\\u015br.\",\"czw.\",\"pt.\",\"sob.\"],\"weekdaysMin\":[\"niedz.\",\"pon.\",\"wt.\",\"\\u015br.\",\"czw.\",\"pt.\",\"sob.\"],\"recaptchaConsentMissing\":\"reCaptcha validation couldn&#039;t load.\",\"recaptchaMissingCookie\":\"reCaptcha v3 validation couldn&#039;t load the cookie needed to submit the form.\",\"recaptchaConsentEvent\":\"Accept reCaptcha cookies before sending the form.\",\"currency_symbol\":\"\",\"beforeForm\":\"\",\"beforeFields\":\"\",\"afterFields\":\"\",\"afterForm\":\"\"};form.fields=[{\"objectType\":\"Field\",\"objectDomain\":\"fields\",\"editActive\":false,\"order\":1,\"idAttribute\":\"id\",\"type\":\"textbox\",\"label\":\"Nazwa firmy\",\"key\":\"nazwa_firmy_1657625151615\",\"label_pos\":\"left\",\"required\":0,\"default\":\"\",\"placeholder\":\"\",\"container_class\":\"\",\"element_class\":\"\",\"input_limit\":\"\",\"input_limit_type\":\"characters\",\"input_limit_msg\":\"Liczba pozosta\\u0142ych znak\\u00f3w:\",\"manual_key\":false,\"admin_label\":\"\",\"help_text\":\"\",\"mask\":\"\",\"custom_mask\":\"\",\"custom_name_attribute\":\"\",\"personally_identifiable\":\"\",\"value\":\"\",\"drawerDisabled\":false,\"id\":5,\"beforeField\":\"\",\"afterField\":\"\",\"parentType\":\"textbox\",\"element_templates\":[\"textbox\",\"input\"],\"old_classname\":\"\",\"wrap_template\":\"wrap\"},{\"objectType\":\"Field\",\"objectDomain\":\"fields\",\"editActive\":false,\"order\":2,\"idAttribute\":\"id\",\"type\":\"textbox\",\"label\":\"Imi\\u0119 i nazwisko\",\"key\":\"imie_i_nazwisko_1657624912541\",\"label_pos\":\"left\",\"required\":0,\"default\":\"\",\"placeholder\":\"\",\"container_class\":\"\",\"element_class\":\"\",\"input_limit\":\"\",\"input_limit_type\":\"characters\",\"input_limit_msg\":\"Liczba pozosta\\u0142ych znak\\u00f3w:\",\"manual_key\":false,\"admin_label\":\"\",\"help_text\":\"\",\"mask\":\"\",\"custom_mask\":\"\",\"custom_name_attribute\":\"\",\"personally_identifiable\":\"\",\"value\":\"\",\"drawerDisabled\":false,\"id\":6,\"beforeField\":\"\",\"afterField\":\"\",\"parentType\":\"textbox\",\"element_templates\":[\"textbox\",\"input\"],\"old_classname\":\"\",\"wrap_template\":\"wrap\"},{\"objectType\":\"Field\",\"objectDomain\":\"fields\",\"editActive\":false,\"order\":3,\"idAttribute\":\"id\",\"type\":\"phone\",\"label\":\"Tw\\u00f3j telefon\",\"key\":\"twoj_telefon_1657624973797\",\"label_pos\":\"left\",\"required\":0,\"default\":\"\",\"placeholder\":\"\",\"container_class\":\"\",\"element_class\":\"\",\"input_limit\":\"\",\"input_limit_type\":\"characters\",\"input_limit_msg\":\"Liczba pozosta\\u0142ych znak\\u00f3w:\",\"manual_key\":false,\"admin_label\":\"\",\"help_text\":\"\",\"mask\":\"\",\"custom_mask\":\"\",\"custom_name_attribute\":\"phone\",\"personally_identifiable\":1,\"value\":\"\",\"drawerDisabled\":false,\"id\":7,\"beforeField\":\"\",\"afterField\":\"\",\"parentType\":\"textbox\",\"element_templates\":[\"tel\",\"textbox\",\"input\"],\"old_classname\":\"\",\"wrap_template\":\"wrap\"},{\"objectType\":\"Field\",\"objectDomain\":\"fields\",\"editActive\":false,\"order\":4,\"idAttribute\":\"id\",\"type\":\"email\",\"label\":\"Tw\\u00f3j email\",\"key\":\"twoj_email_1657624987170\",\"label_pos\":\"left\",\"required\":0,\"default\":\"\",\"placeholder\":\"\",\"container_class\":\"\",\"element_class\":\"\",\"admin_label\":\"\",\"help_text\":\"\",\"custom_name_attribute\":\"email\",\"personally_identifiable\":1,\"value\":\"\",\"drawerDisabled\":false,\"id\":8,\"beforeField\":\"\",\"afterField\":\"\",\"parentType\":\"email\",\"element_templates\":[\"email\",\"input\"],\"old_classname\":\"\",\"wrap_template\":\"wrap\"},{\"objectType\":\"Field\",\"objectDomain\":\"fields\",\"editActive\":false,\"order\":5,\"idAttribute\":\"id\",\"type\":\"textbox\",\"label\":\"Wojew\\u00f3dztwo\",\"key\":\"wojewodztwo_1657624998088\",\"label_pos\":\"left\",\"required\":0,\"default\":\"\",\"placeholder\":\"\",\"container_class\":\"\",\"element_class\":\"\",\"input_limit\":\"\",\"input_limit_type\":\"characters\",\"input_limit_msg\":\"Liczba pozosta\\u0142ych znak\\u00f3w:\",\"manual_key\":false,\"admin_label\":\"\",\"help_text\":\"\",\"mask\":\"\",\"custom_mask\":\"\",\"custom_name_attribute\":\"\",\"personally_identifiable\":\"\",\"value\":\"\",\"drawerDisabled\":false,\"id\":9,\"beforeField\":\"\",\"afterField\":\"\",\"parentType\":\"textbox\",\"element_templates\":[\"textbox\",\"input\"],\"old_classname\":\"\",\"wrap_template\":\"wrap\"},{\"objectType\":\"Field\",\"objectDomain\":\"fields\",\"editActive\":false,\"order\":6,\"idAttribute\":\"id\",\"type\":\"textarea\",\"label\":\"Uwagi\",\"key\":\"uwagi_1657625168317\",\"label_pos\":\"left\",\"required\":0,\"default\":\"\",\"placeholder\":\"\",\"container_class\":\"\",\"element_class\":\"\",\"input_limit\":\"\",\"input_limit_type\":\"characters\",\"input_limit_msg\":\"Liczba pozosta\\u0142ych znak\\u00f3w:\",\"manual_key\":false,\"admin_label\":\"\",\"help_text\":\"\",\"textarea_rte\":\"\",\"disable_rte_mobile\":\"\",\"textarea_media\":\"\",\"value\":\"\",\"drawerDisabled\":false,\"id\":10,\"beforeField\":\"\",\"afterField\":\"\",\"parentType\":\"textarea\",\"element_templates\":[\"textarea\",\"input\"],\"old_classname\":\"\",\"wrap_template\":\"wrap\"},{\"objectType\":\"Field\",\"objectDomain\":\"fields\",\"editActive\":false,\"order\":999,\"idAttribute\":\"id\",\"type\":\"checkbox\",\"label\":\"Wyra\\u017cam zgod\\u0119 na przetwarzanie moich danych osobowych\",\"key\":\"wyrazam_zgode_na_przetwarzanie_moich_danych_osobowych_1657630942101\",\"label_pos\":\"right\",\"required\":1,\"container_class\":\"\",\"element_class\":\"\",\"manual_key\":false,\"admin_label\":\"\",\"help_text\":\"\",\"desc_text\":\"<p><span style=\\\"color: rgb(10, 10, 10); font-family: &quot;Open Sans&quot;, Helvetica, Roboto, Arial, sans-serif; font-size: 14px;\\\">Wyra\\u017cenie zgody obejmuje przetwarzanie danych osobowych, w&nbsp;celu otrzymywania ofert handlowych drog\\u0105 elektroniczn\\u0105 od&nbsp;Rewers sp. z&nbsp;o.o. z&nbsp;siedzib\\u0105 w&nbsp;Gda\\u0144sku, ul.&nbsp;Szafarnia 11\\\/f8 na&nbsp;podany adres e-mail. Zgodnie z&nbsp;europejskim rozporz\\u0105dzeniem o&nbsp;ochronie danych osobowych z&nbsp;27 kwietnia 2016 r. (Dz.Urz. UE L nr&nbsp;19, str. 1) oraz&nbsp;ustaw\\u0105 z&nbsp;18 lipca 2002 r. o&nbsp;\\u015bwiadczeniu us\\u0142ug drog\\u0105 elektroniczn\\u0105 (Dz.U. 2002, nr&nbsp;144, zm. 1204 ze&nbsp;zm.). Wyra\\u017cona zgoda jest dobrowolna, jednak niezb\\u0119dna do&nbsp;realizacji us\\u0142ugi. Zgod\\u0119 mo\\u017cna wycofa\\u0107 w&nbsp;ka\\u017cdym czasie w&nbsp;spos\\u00f3b okre\\u015blony w&nbsp;polityce prywatno\\u015bci. Wycofanie zgody nie&nbsp;wp\\u0142ywa na&nbsp;zgodno\\u015b\\u0107 z&nbsp;prawem przetwarzania dokonanego przed&nbsp;jej wycofaniem.<\\\/span><br><\\\/p>\",\"default_value\":\"unchecked\",\"checked_value\":\"Zaznaczone\",\"unchecked_value\":\"Niezaznaczone\",\"checked_calc_value\":\"\",\"unchecked_calc_value\":\"\",\"drawerDisabled\":false,\"id\":12,\"beforeField\":\"\",\"afterField\":\"\",\"value\":\"\",\"parentType\":\"checkbox\",\"element_templates\":[\"checkbox\",\"input\"],\"old_classname\":\"\",\"wrap_template\":\"wrap\"},{\"objectType\":\"Field\",\"objectDomain\":\"fields\",\"editActive\":false,\"order\":9999,\"idAttribute\":\"id\",\"type\":\"submit\",\"label\":\"Prze\\u015blij\",\"processing_label\":\"Przetwarzam...\",\"container_class\":\"\",\"element_class\":\"\",\"key\":\"przeslij_1657625239537\",\"drawerDisabled\":false,\"admin_label\":\"\",\"id\":11,\"beforeField\":\"\",\"afterField\":\"\",\"value\":\"\",\"label_pos\":\"left\",\"parentType\":\"textbox\",\"element_templates\":[\"submit\",\"button\",\"input\"],\"old_classname\":\"\",\"wrap_template\":\"wrap-no-label\"}];nfForms.push(form);<\/script>\n        \n<\/div>\n\t\t<\/div><\/div><\/div><\/div><\/div>","protected":false},"excerpt":{"rendered":"<p>Ekrany Online: Biuro Obs\u0142ugi Klienta ul. Sowia 2, 83-050 B\u0105kowotel. 53 337 59 13biuro@rewers.edu.pl Biuro pracuje od\u00a0poniedzia\u0142ku do\u00a0pi\u0105tku w\u00a0godzinach 8.00-16.00 Organ prowadz\u0105cy: Rewers sp. z o.o.ul. Szafarnia 11\/F8, 80-755 Gda\u0144skNIP: 5833217447 Administratorem Twoich\u00a0danych jest\u00a0Rewers Sp. z\u00a0o.o.\u00a0z\u00a0siedzib\u0105 w\u00a0Gda\u0144sku, ul.\u00a0Szafarnia 11\/F8. Masz prawo do\u00a0dost\u0119pu do\u00a0swoich danych, ich sprostowania, usuni\u0119cia lub ograniczenia przetwarzania, prawo sprzeciwu, prawo wniesienia skargi [&hellip;]<\/p>\n","protected":false},"author":2,"featured_media":0,"parent":0,"menu_order":0,"comment_status":"closed","ping_status":"closed","template":"","meta":{"_monsterinsights_skip_tracking":false,"_monsterinsights_sitenote_active":false,"_monsterinsights_sitenote_note":"","_monsterinsights_sitenote_category":0,"footnotes":""},"class_list":["post-6","page","type-page","status-publish","hentry"],"aioseo_notices":[],"_links":{"self":[{"href":"https:\/\/ekranyonline.pl\/index.php\/wp-json\/wp\/v2\/pages\/6","targetHints":{"allow":["GET"]}}],"collection":[{"href":"https:\/\/ekranyonline.pl\/index.php\/wp-json\/wp\/v2\/pages"}],"about":[{"href":"https:\/\/ekranyonline.pl\/index.php\/wp-json\/wp\/v2\/types\/page"}],"author":[{"embeddable":true,"href":"https:\/\/ekranyonline.pl\/index.php\/wp-json\/wp\/v2\/users\/2"}],"replies":[{"embeddable":true,"href":"https:\/\/ekranyonline.pl\/index.php\/wp-json\/wp\/v2\/comments?post=6"}],"version-history":[{"count":2,"href":"https:\/\/ekranyonline.pl\/index.php\/wp-json\/wp\/v2\/pages\/6\/revisions"}],"predecessor-version":[{"id":184,"href":"https:\/\/ekranyonline.pl\/index.php\/wp-json\/wp\/v2\/pages\/6\/revisions\/184"}],"wp:attachment":[{"href":"https:\/\/ekranyonline.pl\/index.php\/wp-json\/wp\/v2\/media?parent=6"}],"curies":[{"name":"wp","href":"https:\/\/api.w.org\/{rel}","templated":true}]}}